{"id":3277,"date":"2026-01-31T17:18:58","date_gmt":"2026-01-31T23:18:58","guid":{"rendered":"https:\/\/redcaoficial.org\/?page_id=3277"},"modified":"2026-03-14T20:04:33","modified_gmt":"2026-03-15T02:04:33","slug":"home","status":"publish","type":"page","link":"https:\/\/redcaoficial.org\/","title":{"rendered":"Home"},"content":{"rendered":"\n<div class=\"wp-block-stackable-carousel alignfull stk-block-carousel stk--is-slide stk--arrows-justify-space-between stk--arrows-align-center stk-block stk-2a7dd63\" data-slides-to-show=\"\" data-block-id=\"2a7dd63\"><div class=\"stk-block-carousel__content-wrapper\"><div class=\"stk-row stk-inner-blocks stk-block-content stk-block-carousel__slider-wrapper stk-content-align stk-2a7dd63-column alignfull\"><div class=\"stk-block-carousel__slider\" role=\"list\" data-autoplay=\"4000\" data-label-slide-of=\"Slide %%d of %%d\" tabindex=\"0\">\n<div class=\"wp-block-stackable-column stk-block-column stk-column stk-block stk-44b67b5\" data-v=\"4\" data-block-id=\"44b67b5\"><div class=\"stk-column-wrapper stk-block-column__content stk-container stk-44b67b5-container stk--no-background stk--no-padding\"><div class=\"stk-block-content stk-inner-blocks stk-44b67b5-inner-blocks\">\n<div class=\"wp-block-stackable-image stk-block-image stk-block stk-ebb8da0\" data-block-id=\"ebb8da0\"><figure><span class=\"stk-img-wrapper stk-image--shape-stretch\"><img data-recalc-dims=\"1\" loading=\"lazy\" decoding=\"async\" class=\"stk-img wp-image-3642\" src=\"https:\/\/i0.wp.com\/redcaoficial.org\/wp-content\/uploads\/2026\/03\/imagen2-1.jpg?resize=1290%2C726&#038;ssl=1\" width=\"1290\" height=\"726\" srcset=\"https:\/\/i0.wp.com\/redcaoficial.org\/wp-content\/uploads\/2026\/03\/imagen2-1.jpg?w=1536&amp;ssl=1 1536w, https:\/\/i0.wp.com\/redcaoficial.org\/wp-content\/uploads\/2026\/03\/imagen2-1.jpg?resize=300%2C169&amp;ssl=1 300w, https:\/\/i0.wp.com\/redcaoficial.org\/wp-content\/uploads\/2026\/03\/imagen2-1.jpg?resize=1024%2C576&amp;ssl=1 1024w, https:\/\/i0.wp.com\/redcaoficial.org\/wp-content\/uploads\/2026\/03\/imagen2-1.jpg?resize=768%2C432&amp;ssl=1 768w\" sizes=\"auto, (max-width: 1290px) 100vw, 1290px\" \/><\/span><\/figure><\/div>\n<\/div><\/div><\/div>\n\n\n\n<div class=\"wp-block-stackable-column stk-block-column stk-column stk-block stk-21e669b\" data-v=\"4\" data-block-id=\"21e669b\"><div class=\"stk-column-wrapper stk-block-column__content stk-container stk-21e669b-container stk--no-background stk--no-padding\"><div class=\"stk-block-content stk-inner-blocks stk-21e669b-inner-blocks\">\n<div class=\"wp-block-stackable-image stk-block-image stk-block stk-ab173d7\" data-block-id=\"ab173d7\"><figure><span class=\"stk-img-wrapper stk-image--shape-stretch\"><img data-recalc-dims=\"1\" loading=\"lazy\" decoding=\"async\" class=\"stk-img wp-image-3278\" src=\"https:\/\/i0.wp.com\/redcaoficial.org\/wp-content\/uploads\/2026\/01\/banner-scaled.png?resize=1290%2C726&#038;ssl=1\" width=\"1290\" height=\"726\" srcset=\"https:\/\/i0.wp.com\/redcaoficial.org\/wp-content\/uploads\/2026\/01\/banner-scaled.png?w=2560&amp;ssl=1 2560w, https:\/\/i0.wp.com\/redcaoficial.org\/wp-content\/uploads\/2026\/01\/banner-scaled.png?resize=300%2C169&amp;ssl=1 300w, https:\/\/i0.wp.com\/redcaoficial.org\/wp-content\/uploads\/2026\/01\/banner-scaled.png?resize=1024%2C576&amp;ssl=1 1024w, https:\/\/i0.wp.com\/redcaoficial.org\/wp-content\/uploads\/2026\/01\/banner-scaled.png?resize=768%2C432&amp;ssl=1 768w, https:\/\/i0.wp.com\/redcaoficial.org\/wp-content\/uploads\/2026\/01\/banner-scaled.png?resize=1536%2C864&amp;ssl=1 1536w, https:\/\/i0.wp.com\/redcaoficial.org\/wp-content\/uploads\/2026\/01\/banner-scaled.png?resize=2048%2C1152&amp;ssl=1 2048w\" sizes=\"auto, (max-width: 1290px) 100vw, 1290px\" \/><\/span><\/figure><\/div>\n<\/div><\/div><\/div>\n<\/div><div class=\"stk-block-carousel__buttons\"><button class=\"stk-block-carousel__button stk-block-carousel__button__prev\" aria-label=\"Previous slide\"><svg aria-hidden=\"true\" focusable=\"false\" data-prefix=\"fas\" data-icon=\"chevron-left\" class=\"svg-inline--fa fa-chevron-left\" xmlns=\"http:\/\/www.w3.org\/2000\/svg\" viewBox=\"0 0 320 512\" width=\"32\" height=\"32\"><path d=\"M34.52 239.03L228.87 44.69c9.37-9.37 24.57-9.37 33.94 0l22.67 22.67c9.36 9.36 9.37 24.52.04 33.9L131.49 256l154.02 154.75c9.34 9.38 9.32 24.54-.04 33.9l-22.67 22.67c-9.37 9.37-24.57 9.37-33.94 0L34.52 272.97c-9.37-9.37-9.37-24.57 0-33.94z\"><\/path><\/svg><\/button><button class=\"stk-block-carousel__button stk-block-carousel__button__next\" aria-label=\"Next slide\"><svg aria-hidden=\"true\" focusable=\"false\" data-prefix=\"fas\" data-icon=\"chevron-right\" class=\"svg-inline--fa fa-chevron-right\" xmlns=\"http:\/\/www.w3.org\/2000\/svg\" viewBox=\"0 0 320 512\" width=\"32\" height=\"32\"><path d=\"M285.476 272.971L91.132 467.314c-9.373 9.373-24.569 9.373-33.941 0l-22.667-22.667c-9.357-9.357-9.375-24.522-.04-33.901L188.505 256 34.484 101.255c-9.335-9.379-9.317-24.544.04-33.901l22.667-22.667c9.373-9.373 24.569-9.373 33.941 0L285.475 239.03c9.373 9.372 9.373 24.568.001 33.941z\"><\/path><\/svg><\/button><\/div><\/div><div class=\"stk-block-carousel__dots\" role=\"list\" data-label=\"Slide %%d\"><\/div><\/div><\/div>\n\n\n\n<div class=\"wp-block-stackable-spacer alignfull stk-block-spacer stk--no-padding stk-block stk-c32c41d stk-block-background\" data-block-id=\"c32c41d\"><style>.stk-c32c41d {height:25px !important;background-color:#fffffe !important;border-top-width:0px !important;border-right-width:0px !important;border-bottom-width:0px !important;border-left-width:0px !important;}.stk-c32c41d:before{background-color:#fffffe !important;}<\/style><\/div>\n\n\n\n<div class=\"wp-block-group alignfull has-palette-color-8-background-color has-background is-layout-constrained wp-container-core-group-is-layout-72190d31 wp-block-group-is-layout-constrained\" style=\"border-style:none;border-width:0px;margin-top:0;margin-bottom:0;padding-top:0;padding-right:0;padding-bottom:0;padding-left:0\">\n<div class=\"wp-block-media-text has-media-on-the-right is-stacked-on-mobile is-image-fill-element has-vivid-cyan-blue-color has-text-color has-link-color wp-elements-d95ef3297ef38242a4c9f37583cbd041\" style=\"border-style:none;border-width:0px;border-top-left-radius:0px;border-top-right-radius:0px;border-bottom-left-radius:0px;border-bottom-right-radius:0px;margin-top:0;margin-right:0;margin-bottom:0;margin-left:0;padding-top:0;padding-right:0;padding-bottom:0;padding-left:0;grid-template-columns:auto 35%\"><div class=\"wp-block-media-text__content\">\n<div class=\"wp-block-stackable-spacer stk-block-spacer stk--no-padding stk-block stk-ec1c013\" data-block-id=\"ec1c013\"><style>.stk-ec1c013 {height:15px !important;}<\/style><\/div>\n\n\n\n<h4 class=\"wp-block-heading has-text-align-center has-vivid-cyan-blue-color has-text-color has-link-color wp-elements-088bc013158bbff498db77d449c8b8a4\" style=\"border-style:none;border-width:0px;margin-top:0;margin-right:0;margin-bottom:0;margin-left:0;line-height:1\">Te damos la m\u00e1s cordial bienvenida a nuestro portal electr\u00f3nico<\/h4>\n\n\n\n<div class=\"wp-block-stackable-spacer stk-block-spacer stk--no-padding stk-block stk-8b0109d\" data-block-id=\"8b0109d\"><style>.stk-8b0109d {height:10px !important;}<\/style><\/div>\n\n\n\n<p class=\"has-drop-cap justificado has-vivid-cyan-blue-color has-text-color has-link-color wp-elements-53953863bf9e9af66bd6eccba1624129\">La Red de Egresados Centroamericanos (REDCA) es una plataforma acad\u00e9mica regional dedicada a la formaci\u00f3n avanzada, la investigaci\u00f3n aplicada y la producci\u00f3n de pensamiento estrat\u00e9gico en los \u00e1mbitos de seguridad, defensa, gobernanza democr\u00e1tica y Estado de Derecho. Est\u00e1 integrada por egresados y profesionales con experiencia en el sector p\u00fablico, privado, acad\u00e9mico y de seguridad, comprometidos con un abordaje riguroso y responsable de los desaf\u00edos regionales.<\/p>\n\n\n\n<div class=\"wp-block-stackable-text stk-block-text stk-block stk-a3b5901\" data-block-id=\"a3b5901\"><p class=\"stk-block-text__text has-text-align-justify\">Desde una perspectiva de realismo estrat\u00e9gico y an\u00e1lisis contextual, REDCA impulsa el estudio sistem\u00e1tico del entorno regional, la identificaci\u00f3n de riesgos y amenazas emergentes, y el fortalecimiento de capacidades institucionales mediante el conocimiento, la educaci\u00f3n continua y el di\u00e1logo acad\u00e9mico de alto nivel.<\/p><\/div>\n\n\n\n<div class=\"wp-block-stackable-text stk-block-text stk-block stk-319a77d\" data-block-id=\"319a77d\"><p class=\"stk-block-text__text has-text-align-justify\">REDCA act\u00faa como un nodo acad\u00e9mico de articulaci\u00f3n regional, facilitando el intercambio de conocimiento, la reflexi\u00f3n estrat\u00e9gica y la construcci\u00f3n de redes profesionales que contribuyan a una Centroam\u00e9rica m\u00e1s preparada, resiliente y capaz de interactuar de manera constructiva y predecible dentro del entorno hemisf\u00e9rico.<\/p><\/div>\n\n\n\n<div class=\"wp-block-stackable-text stk-block-text stk-block stk-bd7ab44\" data-block-id=\"bd7ab44\"><p class=\"stk-block-text__text has-text-align-justify\">La labor acad\u00e9mica de REDCA se orienta a contribuir a la toma de decisiones informadas, promoviendo enfoques que reconozcan la corresponsabilidad entre actores, la importancia de las capacidades locales y la necesidad de marcos jur\u00eddicos e institucionales s\u00f3lidos como base para la estabilidad y la cooperaci\u00f3n regional.<\/p><\/div>\n<\/div><figure class=\"wp-block-media-text__media\"><img data-recalc-dims=\"1\" loading=\"lazy\" decoding=\"async\" width=\"867\" height=\"1024\" src=\"https:\/\/i0.wp.com\/redcaoficial.org\/wp-content\/uploads\/2026\/02\/columnas.jpeg?resize=867%2C1024&#038;ssl=1\" alt=\"\" class=\"wp-image-3387 size-full\" style=\"object-position:50% 50%\" srcset=\"https:\/\/i0.wp.com\/redcaoficial.org\/wp-content\/uploads\/2026\/02\/columnas.jpeg?resize=867%2C1024&amp;ssl=1 867w, https:\/\/i0.wp.com\/redcaoficial.org\/wp-content\/uploads\/2026\/02\/columnas.jpeg?resize=254%2C300&amp;ssl=1 254w, https:\/\/i0.wp.com\/redcaoficial.org\/wp-content\/uploads\/2026\/02\/columnas.jpeg?resize=768%2C907&amp;ssl=1 768w, https:\/\/i0.wp.com\/redcaoficial.org\/wp-content\/uploads\/2026\/02\/columnas.jpeg?w=1084&amp;ssl=1 1084w\" sizes=\"auto, (max-width: 867px) 100vw, 867px\" \/><\/figure><\/div>\n\n\n\n<div class=\"wp-block-stackable-spacer stk-block-spacer stk--no-padding stk-block stk-845cfad\" data-block-id=\"845cfad\"><style>.stk-845cfad {height:25px !important;}<\/style><\/div>\n<\/div>\n","protected":false},"excerpt":{"rendered":"<p>Te damos la m\u00e1s cordial bienvenida a nuestro portal electr\u00f3nico La Red de Egresados Centroamericanos (REDCA) es una plataforma acad\u00e9mica regional dedicada a la formaci\u00f3n avanzada, la investigaci\u00f3n aplicada y la producci\u00f3n de pensamiento estrat\u00e9gico en los \u00e1mbitos de seguridad, defensa, gobernanza democr\u00e1tica y Estado de Derecho. Est\u00e1 integrada por egresados y profesionales con experiencia [&hellip;]<\/p>\n","protected":false},"author":1,"featured_media":0,"parent":0,"menu_order":0,"comment_status":"closed","ping_status":"closed","template":"","meta":{"advanced_seo_description":"","jetpack_seo_html_title":"","jetpack_seo_noindex":false,"footnotes":""},"class_list":["post-3277","page","type-page","status-publish","hentry"],"blocksy_meta":{"page_structure_type":"default","styles_descriptor":{"styles":{"desktop":"","tablet":"","mobile":""},"google_fonts":[],"version":6}},"jetpack_sharing_enabled":true,"_links":{"self":[{"href":"https:\/\/redcaoficial.org\/index.php\/wp-json\/wp\/v2\/pages\/3277","targetHints":{"allow":["GET"]}}],"collection":[{"href":"https:\/\/redcaoficial.org\/index.php\/wp-json\/wp\/v2\/pages"}],"about":[{"href":"https:\/\/redcaoficial.org\/index.php\/wp-json\/wp\/v2\/types\/page"}],"author":[{"embeddable":true,"href":"https:\/\/redcaoficial.org\/index.php\/wp-json\/wp\/v2\/users\/1"}],"replies":[{"embeddable":true,"href":"https:\/\/redcaoficial.org\/index.php\/wp-json\/wp\/v2\/comments?post=3277"}],"version-history":[{"count":78,"href":"https:\/\/redcaoficial.org\/index.php\/wp-json\/wp\/v2\/pages\/3277\/revisions"}],"predecessor-version":[{"id":3646,"href":"https:\/\/redcaoficial.org\/index.php\/wp-json\/wp\/v2\/pages\/3277\/revisions\/3646"}],"wp:attachment":[{"href":"https:\/\/redcaoficial.org\/index.php\/wp-json\/wp\/v2\/media?parent=3277"}],"curies":[{"name":"wp","href":"https:\/\/api.w.org\/{rel}","templated":true}]}}